{"id":36,"date":"2014-06-13T01:19:04","date_gmt":"2014-06-12T23:19:04","guid":{"rendered":"http:\/\/sprakservice-solna.se.preview.citynetwork.se\/?page_id=36"},"modified":"2022-11-02T14:53:50","modified_gmt":"2022-11-02T13:53:50","slug":"foretagsprofil","status":"publish","type":"page","link":"https:\/\/sprakservice-solna.se\/","title":{"rendered":"F\u00f6retagsprofil"},"content":{"rendered":"<p>V\u00e5rt specialomr\u00e5de \u00e4r \u00f6vers\u00e4ttning till svenska av olika typer av facktexter. Vi har egna resurser f\u00f6r \u00f6vers\u00e4ttning fr\u00e5n engelska, tyska, nederl\u00e4ndska och norska till svenska samt fr\u00e5n svenska till nederl\u00e4ndska. F\u00f6rutom \u00f6vers\u00e4ttning arbetar vi \u00e4ven med spr\u00e5klig granskning, kontroll\u00e4sning, korrekturl\u00e4sning och andra spr\u00e5ktj\u00e4nster.<\/p>\n<p>F\u00f6retagets vd Peter Bolin \u00e4r av Kammarkollegiet auktoriserad translator fr\u00e5n engelska, tyska, nederl\u00e4ndska och norska till svenska, l\u00e4rare i nederl\u00e4ndska vid Stockholms universitet och medlem av Sveriges Fack\u00f6vers\u00e4ttarf\u00f6rening (SF\u00d6) och F\u00f6reningen Auktoriserade Translatorer (FAT).<\/p>\n<p>I f\u00f6retaget arbetar Peter Bolin p\u00e5 heltid med Maria Andersson, D\u00e9sir\u00e9e Dangiers, Stefan Fredriksson och Lovisa Tunedal som s\u00e4rskilda medarbetare. Vi har ocks\u00e5 ett flertal frilansare som vi anlitar vid behov.<\/p>\n<p>Vi arbetar b\u00e5de direkt \u00e5t slutkunden och som underleverant\u00f6r \u00e5t andra byr\u00e5er. Nya kunder \u00e4r alltid v\u00e4lkomna!<\/p>\n<p style=\"text-align: center;\"><a href=\"http:\/\/sprakservice-solna.se\/wp-content\/uploads\/2020\/01\/Peter.jpg\"><img decoding=\"async\" loading=\"lazy\" class=\"size-medium wp-image-133 aligncenter\" src=\"http:\/\/sprakservice-solna.se\/wp-content\/uploads\/2020\/01\/Peter-275x300.jpg\" alt=\"\" width=\"275\" height=\"300\" srcset=\"https:\/\/sprakservice-solna.se\/wp-content\/uploads\/2020\/01\/Peter-275x300.jpg 275w, https:\/\/sprakservice-solna.se\/wp-content\/uploads\/2020\/01\/Peter.jpg 379w\" sizes=\"(max-width: 275px) 85vw, 275px\" \/><\/a><em>Peter Bolin<\/em><\/p>\n","protected":false},"excerpt":{"rendered":"<p>V\u00e5rt specialomr\u00e5de \u00e4r \u00f6vers\u00e4ttning till svenska av olika typer av facktexter. Vi har egna resurser f\u00f6r \u00f6vers\u00e4ttning fr\u00e5n engelska, tyska, nederl\u00e4ndska och norska till svenska samt fr\u00e5n svenska till nederl\u00e4ndska. F\u00f6rutom \u00f6vers\u00e4ttning arbetar vi \u00e4ven med spr\u00e5klig granskning, kontroll\u00e4sning, korrekturl\u00e4sning och andra spr\u00e5ktj\u00e4nster. F\u00f6retagets vd Peter Bolin \u00e4r av Kammarkollegiet auktoriserad translator fr\u00e5n engelska, tyska, &hellip; <a href=\"https:\/\/sprakservice-solna.se\/\" class=\"more-link\">Forts\u00e4tt l\u00e4sa<span class=\"screen-reader-text\"> \u201dF\u00f6retagsprofil\u201d<\/span><\/a><\/p>\n","protected":false},"author":1,"featured_media":0,"parent":0,"menu_order":0,"comment_status":"closed","ping_status":"open","template":"","meta":[],"_links":{"self":[{"href":"https:\/\/sprakservice-solna.se\/index.php?rest_route=\/wp\/v2\/pages\/36"}],"collection":[{"href":"https:\/\/sprakservice-solna.se\/index.php?rest_route=\/wp\/v2\/pages"}],"about":[{"href":"https:\/\/sprakservice-solna.se\/index.php?rest_route=\/wp\/v2\/types\/page"}],"author":[{"embeddable":true,"href":"https:\/\/sprakservice-solna.se\/index.php?rest_route=\/wp\/v2\/users\/1"}],"replies":[{"embeddable":true,"href":"https:\/\/sprakservice-solna.se\/index.php?rest_route=%2Fwp%2Fv2%2Fcomments&post=36"}],"version-history":[{"count":8,"href":"https:\/\/sprakservice-solna.se\/index.php?rest_route=\/wp\/v2\/pages\/36\/revisions"}],"predecessor-version":[{"id":169,"href":"https:\/\/sprakservice-solna.se\/index.php?rest_route=\/wp\/v2\/pages\/36\/revisions\/169"}],"wp:attachment":[{"href":"https:\/\/sprakservice-solna.se\/index.php?rest_route=%2Fwp%2Fv2%2Fmedia&parent=36"}],"curies":[{"name":"wp","href":"https:\/\/api.w.org\/{rel}","templated":true}]}}